{"id":157,"date":"2023-03-20T18:35:50","date_gmt":"2023-03-20T16:35:50","guid":{"rendered":"https:\/\/www.vmug.cz\/?page_id=157"},"modified":"2024-06-01T21:03:27","modified_gmt":"2024-06-01T19:03:27","slug":"vexpert-cz","status":"publish","type":"page","link":"https:\/\/www.vmug.cz\/?page_id=157","title":{"rendered":"vExpert CZ"},"content":{"rendered":"\n<p>vExpert v \u010cR<\/p>\n\n\n\n<figure id=\"directorytable\" class=\"wp-block-table\"><table><tbody><tr><td><strong>Name<\/strong><\/td><td><strong>Blog<\/strong><\/td><\/tr><tr><td><a href=\"https:\/\/vexpert.vmware.com\/directory\/9380\" target=\"_blank\" rel=\"noreferrer noopener\">Adam Mazouz<\/a><\/td><td><a href=\"https:\/\/blog.purestorage.com\/author\/adammazouz\/\" target=\"_blank\" rel=\"noreferrer noopener\">blog.purestorage.com\/<\/a><\/td><\/tr><tr><td><a href=\"https:\/\/vexpert.vmware.com\/directory\/165\" target=\"_blank\" rel=\"noreferrer noopener\">Aram Avetisyan<\/a><\/td><td><a href=\"http:\/\/www.thevirtualist.org\/author\/aram-avetisyanthevirtualist-org\/\" target=\"_blank\" rel=\"noreferrer noopener\">thevirtualist.org\/<\/a><\/td><\/tr><tr><td><a href=\"https:\/\/vexpert.vmware.com\/directory\/1975\" target=\"_blank\" rel=\"noreferrer noopener\">Daniel Micanek<\/a><\/td><td><a href=\"https:\/\/vdan.cz\" target=\"_blank\" rel=\"noreferrer noopener\">vdan.cz<\/a><\/td><\/tr><tr><td><a href=\"https:\/\/vexpert.vmware.com\/directory\/182\" target=\"_blank\" rel=\"noreferrer noopener\">David Pasek<\/a><\/td><td><\/td><\/tr><tr><td><a href=\"https:\/\/vexpert.vmware.com\/directory\/185\" target=\"_blank\" rel=\"noreferrer noopener\">Ji\u0159\u00ed Viktorin<\/a><\/td><td><a href=\"http:\/\/virtualguru.cz\" target=\"_blank\" rel=\"noreferrer noopener\">virtualguru.cz<\/a><\/td><\/tr><tr><td><a href=\"https:\/\/vexpert.vmware.com\/directory\/186\" target=\"_blank\" rel=\"noreferrer noopener\">Josef Zach<\/a><\/td><td><a href=\"http:\/\/www.virtualguru.cz\" target=\"_blank\" rel=\"noreferrer noopener\">virtualguru.cz<\/a><\/td><\/tr><tr><td><a href=\"https:\/\/vexpert.vmware.com\/directory\/181\" target=\"_blank\" rel=\"noreferrer noopener\">Karel Novak<\/a><\/td><td><a href=\"http:\/\/\" target=\"_blank\" rel=\"noreferrer noopener\"><\/a><\/td><\/tr><tr><td><a href=\"https:\/\/vexpert.vmware.com\/directory\/166\" target=\"_blank\" rel=\"noreferrer noopener\">Petr Buchmaier<\/a><\/td><td><a href=\"http:\/\/www.virtuals.cz\/\" target=\"_blank\" rel=\"noreferrer noopener\">virtuals.cz<a href=\"http:\/\/\" target=\"_blank\" rel=\"noreferrer noopener\"><\/a><\/a><\/td><\/tr><tr><td><a href=\"https:\/\/vexpert.vmware.com\/directory\/178\" target=\"_blank\" rel=\"noreferrer noopener\">Stanislav Musil<\/a><\/td><td><a href=\"https:\/\/vpxd.dc5.cz\/index.php\/category\/blog\/\" target=\"_blank\" rel=\"noreferrer noopener\">vpxd.dc5.cz\/<\/a><\/td><\/tr><tr><td><a href=\"https:\/\/vexpert.vmware.com\/directory\/174\" target=\"_blank\" rel=\"noreferrer noopener\">Stanimir Markov<\/a><\/td><td><a href=\"http:\/\/\" target=\"_blank\" rel=\"noreferrer noopener\"><\/a><a href=\"https:\/\/runecast.com\/blog\" target=\"_blank\" rel=\"noreferrer noopener\">https:\/\/runecast.com\/blog<\/a><\/td><\/tr><\/tbody><\/table><\/figure>\n\n\n\n<p><\/p>\n\n\n\n<p><\/p>\n","protected":false},"excerpt":{"rendered":"<p>vExpert v \u010cR Name Blog Adam Mazouz blog.purestorage.com\/ Aram Avetisyan thevirtualist.org\/ Daniel Micanek vdan.cz David Pasek Ji\u0159\u00ed Viktorin virtualguru.cz Josef Zach virtualguru.cz Karel Novak Petr Buchmaier virtuals.cz Stanislav Musil vpxd.dc5.cz\/ Stanimir Markov https:\/\/runecast.com\/blog<\/p>\n","protected":false},"author":1,"featured_media":0,"parent":0,"menu_order":0,"comment_status":"closed","ping_status":"closed","template":"","meta":{"_bbp_topic_count":0,"_bbp_reply_count":0,"_bbp_total_topic_count":0,"_bbp_total_reply_count":0,"_bbp_voice_count":0,"_bbp_anonymous_reply_count":0,"_bbp_topic_count_hidden":0,"_bbp_reply_count_hidden":0,"_bbp_forum_subforum_count":0,"footnotes":""},"class_list":["post-157","page","type-page","status-publish","hentry"],"yoast_head":"<!-- This site is optimized with the Yoast SEO plugin v27.3 - https:\/\/yoast.com\/product\/yoast-seo-wordpress\/ -->\n<title>vExpert CZ - VMUGCZ<\/title>\n<meta name=\"robots\" content=\"index, follow, max-snippet:-1, max-image-preview:large, max-video-preview:-1\" \/>\n<link rel=\"canonical\" href=\"https:\/\/www.vmug.cz\/?page_id=157\" \/>\n<meta property=\"og:locale\" content=\"cs_CZ\" \/>\n<meta property=\"og:type\" content=\"article\" \/>\n<meta property=\"og:title\" content=\"vExpert CZ - VMUGCZ\" \/>\n<meta property=\"og:description\" content=\"vExpert v \u010cR Name Blog Adam Mazouz blog.purestorage.com\/ Aram Avetisyan thevirtualist.org\/ Daniel Micanek vdan.cz David Pasek Ji\u0159\u00ed Viktorin virtualguru.cz Josef Zach virtualguru.cz Karel Novak Petr Buchmaier virtuals.cz Stanislav Musil vpxd.dc5.cz\/ Stanimir Markov https:\/\/runecast.com\/blog\" \/>\n<meta property=\"og:url\" content=\"https:\/\/www.vmug.cz\/?page_id=157\" \/>\n<meta property=\"og:site_name\" content=\"VMUGCZ\" \/>\n<meta property=\"article:modified_time\" content=\"2024-06-01T19:03:27+00:00\" \/>\n<meta name=\"twitter:card\" content=\"summary_large_image\" \/>\n<meta name=\"twitter:label1\" content=\"Odhadovan\u00e1 doba \u010dten\u00ed\" \/>\n\t<meta name=\"twitter:data1\" content=\"1 minuta\" \/>\n<script type=\"application\/ld+json\" class=\"yoast-schema-graph\">{\"@context\":\"https:\\\/\\\/schema.org\",\"@graph\":[{\"@type\":\"WebPage\",\"@id\":\"https:\\\/\\\/www.vmug.cz\\\/?page_id=157\",\"url\":\"https:\\\/\\\/www.vmug.cz\\\/?page_id=157\",\"name\":\"vExpert CZ - VMUGCZ\",\"isPartOf\":{\"@id\":\"https:\\\/\\\/www.vmug.cz\\\/#website\"},\"datePublished\":\"2023-03-20T16:35:50+00:00\",\"dateModified\":\"2024-06-01T19:03:27+00:00\",\"breadcrumb\":{\"@id\":\"https:\\\/\\\/www.vmug.cz\\\/?page_id=157#breadcrumb\"},\"inLanguage\":\"cs\",\"potentialAction\":[{\"@type\":\"ReadAction\",\"target\":[\"https:\\\/\\\/www.vmug.cz\\\/?page_id=157\"]}]},{\"@type\":\"BreadcrumbList\",\"@id\":\"https:\\\/\\\/www.vmug.cz\\\/?page_id=157#breadcrumb\",\"itemListElement\":[{\"@type\":\"ListItem\",\"position\":1,\"name\":\"Home\",\"item\":\"https:\\\/\\\/www.vmug.cz\\\/\"},{\"@type\":\"ListItem\",\"position\":2,\"name\":\"vExpert CZ\"}]},{\"@type\":\"WebSite\",\"@id\":\"https:\\\/\\\/www.vmug.cz\\\/#website\",\"url\":\"https:\\\/\\\/www.vmug.cz\\\/\",\"name\":\"VMUGCZ\",\"description\":\"VMware User Group Czech Republic\",\"potentialAction\":[{\"@type\":\"SearchAction\",\"target\":{\"@type\":\"EntryPoint\",\"urlTemplate\":\"https:\\\/\\\/www.vmug.cz\\\/?s={search_term_string}\"},\"query-input\":{\"@type\":\"PropertyValueSpecification\",\"valueRequired\":true,\"valueName\":\"search_term_string\"}}],\"inLanguage\":\"cs\"}]}<\/script>\n<!-- \/ Yoast SEO plugin. -->","yoast_head_json":{"title":"vExpert CZ - VMUGCZ","robots":{"index":"index","follow":"follow","max-snippet":"max-snippet:-1","max-image-preview":"max-image-preview:large","max-video-preview":"max-video-preview:-1"},"canonical":"https:\/\/www.vmug.cz\/?page_id=157","og_locale":"cs_CZ","og_type":"article","og_title":"vExpert CZ - VMUGCZ","og_description":"vExpert v \u010cR Name Blog Adam Mazouz blog.purestorage.com\/ Aram Avetisyan thevirtualist.org\/ Daniel Micanek vdan.cz David Pasek Ji\u0159\u00ed Viktorin virtualguru.cz Josef Zach virtualguru.cz Karel Novak Petr Buchmaier virtuals.cz Stanislav Musil vpxd.dc5.cz\/ Stanimir Markov https:\/\/runecast.com\/blog","og_url":"https:\/\/www.vmug.cz\/?page_id=157","og_site_name":"VMUGCZ","article_modified_time":"2024-06-01T19:03:27+00:00","twitter_card":"summary_large_image","twitter_misc":{"Odhadovan\u00e1 doba \u010dten\u00ed":"1 minuta"},"schema":{"@context":"https:\/\/schema.org","@graph":[{"@type":"WebPage","@id":"https:\/\/www.vmug.cz\/?page_id=157","url":"https:\/\/www.vmug.cz\/?page_id=157","name":"vExpert CZ - VMUGCZ","isPartOf":{"@id":"https:\/\/www.vmug.cz\/#website"},"datePublished":"2023-03-20T16:35:50+00:00","dateModified":"2024-06-01T19:03:27+00:00","breadcrumb":{"@id":"https:\/\/www.vmug.cz\/?page_id=157#breadcrumb"},"inLanguage":"cs","potentialAction":[{"@type":"ReadAction","target":["https:\/\/www.vmug.cz\/?page_id=157"]}]},{"@type":"BreadcrumbList","@id":"https:\/\/www.vmug.cz\/?page_id=157#breadcrumb","itemListElement":[{"@type":"ListItem","position":1,"name":"Home","item":"https:\/\/www.vmug.cz\/"},{"@type":"ListItem","position":2,"name":"vExpert CZ"}]},{"@type":"WebSite","@id":"https:\/\/www.vmug.cz\/#website","url":"https:\/\/www.vmug.cz\/","name":"VMUGCZ","description":"VMware User Group Czech Republic","potentialAction":[{"@type":"SearchAction","target":{"@type":"EntryPoint","urlTemplate":"https:\/\/www.vmug.cz\/?s={search_term_string}"},"query-input":{"@type":"PropertyValueSpecification","valueRequired":true,"valueName":"search_term_string"}}],"inLanguage":"cs"}]}},"_links":{"self":[{"href":"https:\/\/www.vmug.cz\/index.php?rest_route=\/wp\/v2\/pages\/157","targetHints":{"allow":["GET"]}}],"collection":[{"href":"https:\/\/www.vmug.cz\/index.php?rest_route=\/wp\/v2\/pages"}],"about":[{"href":"https:\/\/www.vmug.cz\/index.php?rest_route=\/wp\/v2\/types\/page"}],"author":[{"embeddable":true,"href":"https:\/\/www.vmug.cz\/index.php?rest_route=\/wp\/v2\/users\/1"}],"replies":[{"embeddable":true,"href":"https:\/\/www.vmug.cz\/index.php?rest_route=%2Fwp%2Fv2%2Fcomments&post=157"}],"version-history":[{"count":0,"href":"https:\/\/www.vmug.cz\/index.php?rest_route=\/wp\/v2\/pages\/157\/revisions"}],"wp:attachment":[{"href":"https:\/\/www.vmug.cz\/index.php?rest_route=%2Fwp%2Fv2%2Fmedia&parent=157"}],"curies":[{"name":"wp","href":"https:\/\/api.w.org\/{rel}","templated":true}]}}