{"id":40,"date":"2022-04-16T22:55:50","date_gmt":"2022-04-16T20:55:50","guid":{"rendered":"https:\/\/www.vmug.cz\/?page_id=40"},"modified":"2024-06-01T20:25:21","modified_gmt":"2024-06-01T18:25:21","slug":"vmug-2022","status":"publish","type":"page","link":"https:\/\/www.vmug.cz\/?page_id=40","title":{"rendered":"VMUG 2022"},"content":{"rendered":"\t\t<div data-elementor-type=\"wp-page\" data-elementor-id=\"40\" class=\"elementor elementor-40\">\n\t\t\t\t<div class=\"elementor-element elementor-element-19b8254 e-flex e-con-boxed e-con e-parent\" data-id=\"19b8254\" data-element_type=\"container\" data-e-type=\"container\">\n\t\t\t\t\t<div class=\"e-con-inner\">\n\t\t\t\t<div class=\"elementor-element elementor-element-cbb0e0e elementor-arrows-position-inside elementor-pagination-position-outside elementor-widget elementor-widget-image-carousel\" data-id=\"cbb0e0e\" data-element_type=\"widget\" data-e-type=\"widget\" data-settings=\"{&quot;navigation&quot;:&quot;both&quot;,&quot;autoplay&quot;:&quot;yes&quot;,&quot;pause_on_hover&quot;:&quot;yes&quot;,&quot;pause_on_interaction&quot;:&quot;yes&quot;,&quot;autoplay_speed&quot;:5000,&quot;infinite&quot;:&quot;yes&quot;,&quot;speed&quot;:500}\" data-widget_type=\"image-carousel.default\">\n\t\t\t\t<div class=\"elementor-widget-container\">\n\t\t\t\t\t\t\t<div class=\"elementor-image-carousel-wrapper swiper\" role=\"region\" aria-roledescription=\"carousel\" aria-label=\"Obr\u00e1zkov\u00fd koloto\u010d\" dir=\"ltr\">\n\t\t\t<div class=\"elementor-image-carousel swiper-wrapper swiper-image-stretch\" aria-live=\"off\">\n\t\t\t\t\t\t\t\t<div class=\"swiper-slide\" role=\"group\" aria-roledescription=\"slide\" aria-label=\"1 z 17\"><a data-elementor-open-lightbox=\"yes\" data-elementor-lightbox-slideshow=\"cbb0e0e\" data-elementor-lightbox-title=\"660B34D9-C927-4675-B3F1-7B269A530E1C\" data-e-action-hash=\"#elementor-action%3Aaction%3Dlightbox%26settings%3DeyJpZCI6MjA1LCJ1cmwiOiJodHRwczpcL1wvd3d3LnZtdWcuY3pcL3dwLWNvbnRlbnRcL3VwbG9hZHNcLzIwMjRcLzA2XC82NjBCMzREOS1DOTI3LTQ2NzUtQjNGMS03QjI2OUE1MzBFMUMuanBnIiwic2xpZGVzaG93IjoiY2JiMGUwZSJ9\" href=\"https:\/\/www.vmug.cz\/wp-content\/uploads\/2024\/06\/660B34D9-C927-4675-B3F1-7B269A530E1C.jpg\"><figure class=\"swiper-slide-inner\"><img decoding=\"async\" class=\"swiper-slide-image\" src=\"https:\/\/www.vmug.cz\/wp-content\/uploads\/2024\/06\/660B34D9-C927-4675-B3F1-7B269A530E1C.jpg\" alt=\"660B34D9-C927-4675-B3F1-7B269A530E1C\" \/><\/figure><\/a><\/div><div class=\"swiper-slide\" role=\"group\" aria-roledescription=\"slide\" aria-label=\"2 z 17\"><a data-elementor-open-lightbox=\"yes\" data-elementor-lightbox-slideshow=\"cbb0e0e\" data-elementor-lightbox-title=\"14FC7650-E0B2-407A-90D3-EE25F6DE0F6D\" data-e-action-hash=\"#elementor-action%3Aaction%3Dlightbox%26settings%3DeyJpZCI6MjA0LCJ1cmwiOiJodHRwczpcL1wvd3d3LnZtdWcuY3pcL3dwLWNvbnRlbnRcL3VwbG9hZHNcLzIwMjRcLzA2XC8xNEZDNzY1MC1FMEIyLTQwN0EtOTBEMy1FRTI1RjZERTBGNkQuanBnIiwic2xpZGVzaG93IjoiY2JiMGUwZSJ9\" href=\"https:\/\/www.vmug.cz\/wp-content\/uploads\/2024\/06\/14FC7650-E0B2-407A-90D3-EE25F6DE0F6D.jpg\"><figure class=\"swiper-slide-inner\"><img decoding=\"async\" class=\"swiper-slide-image\" src=\"https:\/\/www.vmug.cz\/wp-content\/uploads\/2024\/06\/14FC7650-E0B2-407A-90D3-EE25F6DE0F6D-1536x1152.jpg\" alt=\"14FC7650-E0B2-407A-90D3-EE25F6DE0F6D\" \/><\/figure><\/a><\/div><div class=\"swiper-slide\" role=\"group\" aria-roledescription=\"slide\" aria-label=\"3 z 17\"><a data-elementor-open-lightbox=\"yes\" data-elementor-lightbox-slideshow=\"cbb0e0e\" data-elementor-lightbox-title=\"9547150C-C6A0-42CB-848C-A69FAEEE23C5\" data-e-action-hash=\"#elementor-action%3Aaction%3Dlightbox%26settings%3DeyJpZCI6MjAzLCJ1cmwiOiJodHRwczpcL1wvd3d3LnZtdWcuY3pcL3dwLWNvbnRlbnRcL3VwbG9hZHNcLzIwMjRcLzA2XC85NTQ3MTUwQy1DNkEwLTQyQ0ItODQ4Qy1BNjlGQUVFRTIzQzUuanBnIiwic2xpZGVzaG93IjoiY2JiMGUwZSJ9\" href=\"https:\/\/www.vmug.cz\/wp-content\/uploads\/2024\/06\/9547150C-C6A0-42CB-848C-A69FAEEE23C5.jpg\"><figure class=\"swiper-slide-inner\"><img decoding=\"async\" class=\"swiper-slide-image\" src=\"https:\/\/www.vmug.cz\/wp-content\/uploads\/2024\/06\/9547150C-C6A0-42CB-848C-A69FAEEE23C5-1536x1152.jpg\" alt=\"9547150C-C6A0-42CB-848C-A69FAEEE23C5\" \/><\/figure><\/a><\/div><div class=\"swiper-slide\" role=\"group\" aria-roledescription=\"slide\" aria-label=\"4 z 17\"><a data-elementor-open-lightbox=\"yes\" data-elementor-lightbox-slideshow=\"cbb0e0e\" data-elementor-lightbox-title=\"CC8A425F-F697-40EB-B0CC-F61E43AD8E55\" data-e-action-hash=\"#elementor-action%3Aaction%3Dlightbox%26settings%3DeyJpZCI6MjAyLCJ1cmwiOiJodHRwczpcL1wvd3d3LnZtdWcuY3pcL3dwLWNvbnRlbnRcL3VwbG9hZHNcLzIwMjRcLzA2XC9DQzhBNDI1Ri1GNjk3LTQwRUItQjBDQy1GNjFFNDNBRDhFNTUuanBnIiwic2xpZGVzaG93IjoiY2JiMGUwZSJ9\" href=\"https:\/\/www.vmug.cz\/wp-content\/uploads\/2024\/06\/CC8A425F-F697-40EB-B0CC-F61E43AD8E55.jpg\"><figure class=\"swiper-slide-inner\"><img decoding=\"async\" class=\"swiper-slide-image\" src=\"https:\/\/www.vmug.cz\/wp-content\/uploads\/2024\/06\/CC8A425F-F697-40EB-B0CC-F61E43AD8E55-1536x1152.jpg\" alt=\"CC8A425F-F697-40EB-B0CC-F61E43AD8E55\" \/><\/figure><\/a><\/div><div class=\"swiper-slide\" role=\"group\" aria-roledescription=\"slide\" aria-label=\"5 z 17\"><a data-elementor-open-lightbox=\"yes\" data-elementor-lightbox-slideshow=\"cbb0e0e\" data-elementor-lightbox-title=\"F1E73C21-D3F8-42B7-A146-BC25DC428316\" data-e-action-hash=\"#elementor-action%3Aaction%3Dlightbox%26settings%3DeyJpZCI6MTg5LCJ1cmwiOiJodHRwczpcL1wvd3d3LnZtdWcuY3pcL3dwLWNvbnRlbnRcL3VwbG9hZHNcLzIwMjRcLzA2XC9GMUU3M0MyMS1EM0Y4LTQyQjctQTE0Ni1CQzI1REM0MjgzMTYuanBnIiwic2xpZGVzaG93IjoiY2JiMGUwZSJ9\" href=\"https:\/\/www.vmug.cz\/wp-content\/uploads\/2024\/06\/F1E73C21-D3F8-42B7-A146-BC25DC428316.jpg\"><figure class=\"swiper-slide-inner\"><img decoding=\"async\" class=\"swiper-slide-image\" src=\"https:\/\/www.vmug.cz\/wp-content\/uploads\/2024\/06\/F1E73C21-D3F8-42B7-A146-BC25DC428316-1536x1152.jpg\" alt=\"F1E73C21-D3F8-42B7-A146-BC25DC428316\" \/><\/figure><\/a><\/div><div class=\"swiper-slide\" role=\"group\" aria-roledescription=\"slide\" aria-label=\"6 z 17\"><a data-elementor-open-lightbox=\"yes\" data-elementor-lightbox-slideshow=\"cbb0e0e\" data-elementor-lightbox-title=\"126E3BFE-1885-4BD4-BBB3-84C32696AA82\" data-e-action-hash=\"#elementor-action%3Aaction%3Dlightbox%26settings%3DeyJpZCI6MTkwLCJ1cmwiOiJodHRwczpcL1wvd3d3LnZtdWcuY3pcL3dwLWNvbnRlbnRcL3VwbG9hZHNcLzIwMjRcLzA2XC8xMjZFM0JGRS0xODg1LTRCRDQtQkJCMy04NEMzMjY5NkFBODIuanBnIiwic2xpZGVzaG93IjoiY2JiMGUwZSJ9\" href=\"https:\/\/www.vmug.cz\/wp-content\/uploads\/2024\/06\/126E3BFE-1885-4BD4-BBB3-84C32696AA82.jpg\"><figure class=\"swiper-slide-inner\"><img decoding=\"async\" class=\"swiper-slide-image\" src=\"https:\/\/www.vmug.cz\/wp-content\/uploads\/2024\/06\/126E3BFE-1885-4BD4-BBB3-84C32696AA82-1536x1152.jpg\" alt=\"126E3BFE-1885-4BD4-BBB3-84C32696AA82\" \/><\/figure><\/a><\/div><div class=\"swiper-slide\" role=\"group\" aria-roledescription=\"slide\" aria-label=\"7 z 17\"><a data-elementor-open-lightbox=\"yes\" data-elementor-lightbox-slideshow=\"cbb0e0e\" data-elementor-lightbox-title=\"0E1FBAC6-57DD-4443-8A59-31DB9523F5AB\" data-e-action-hash=\"#elementor-action%3Aaction%3Dlightbox%26settings%3DeyJpZCI6MTk4LCJ1cmwiOiJodHRwczpcL1wvd3d3LnZtdWcuY3pcL3dwLWNvbnRlbnRcL3VwbG9hZHNcLzIwMjRcLzA2XC8wRTFGQkFDNi01N0RELTQ0NDMtOEE1OS0zMURCOTUyM0Y1QUIuanBnIiwic2xpZGVzaG93IjoiY2JiMGUwZSJ9\" href=\"https:\/\/www.vmug.cz\/wp-content\/uploads\/2024\/06\/0E1FBAC6-57DD-4443-8A59-31DB9523F5AB.jpg\"><figure class=\"swiper-slide-inner\"><img decoding=\"async\" class=\"swiper-slide-image\" src=\"https:\/\/www.vmug.cz\/wp-content\/uploads\/2024\/06\/0E1FBAC6-57DD-4443-8A59-31DB9523F5AB-1536x1152.jpg\" alt=\"0E1FBAC6-57DD-4443-8A59-31DB9523F5AB\" \/><\/figure><\/a><\/div><div class=\"swiper-slide\" role=\"group\" aria-roledescription=\"slide\" aria-label=\"8 z 17\"><a data-elementor-open-lightbox=\"yes\" data-elementor-lightbox-slideshow=\"cbb0e0e\" data-elementor-lightbox-title=\"D50CBF81-CBFA-49E6-A3B0-D1434968838F\" data-e-action-hash=\"#elementor-action%3Aaction%3Dlightbox%26settings%3DeyJpZCI6MTk5LCJ1cmwiOiJodHRwczpcL1wvd3d3LnZtdWcuY3pcL3dwLWNvbnRlbnRcL3VwbG9hZHNcLzIwMjRcLzA2XC9ENTBDQkY4MS1DQkZBLTQ5RTYtQTNCMC1EMTQzNDk2ODgzOEYuanBnIiwic2xpZGVzaG93IjoiY2JiMGUwZSJ9\" href=\"https:\/\/www.vmug.cz\/wp-content\/uploads\/2024\/06\/D50CBF81-CBFA-49E6-A3B0-D1434968838F.jpg\"><figure class=\"swiper-slide-inner\"><img decoding=\"async\" class=\"swiper-slide-image\" src=\"https:\/\/www.vmug.cz\/wp-content\/uploads\/2024\/06\/D50CBF81-CBFA-49E6-A3B0-D1434968838F-1536x1152.jpg\" alt=\"D50CBF81-CBFA-49E6-A3B0-D1434968838F\" \/><\/figure><\/a><\/div><div class=\"swiper-slide\" role=\"group\" aria-roledescription=\"slide\" aria-label=\"9 z 17\"><a data-elementor-open-lightbox=\"yes\" data-elementor-lightbox-slideshow=\"cbb0e0e\" data-elementor-lightbox-title=\"2C3F9D5D-3569-48E9-AEDC-DE7074D3F20F\" data-e-action-hash=\"#elementor-action%3Aaction%3Dlightbox%26settings%3DeyJpZCI6MTkxLCJ1cmwiOiJodHRwczpcL1wvd3d3LnZtdWcuY3pcL3dwLWNvbnRlbnRcL3VwbG9hZHNcLzIwMjRcLzA2XC8yQzNGOUQ1RC0zNTY5LTQ4RTktQUVEQy1ERTcwNzREM0YyMEYuanBnIiwic2xpZGVzaG93IjoiY2JiMGUwZSJ9\" href=\"https:\/\/www.vmug.cz\/wp-content\/uploads\/2024\/06\/2C3F9D5D-3569-48E9-AEDC-DE7074D3F20F.jpg\"><figure class=\"swiper-slide-inner\"><img decoding=\"async\" class=\"swiper-slide-image\" src=\"https:\/\/www.vmug.cz\/wp-content\/uploads\/2024\/06\/2C3F9D5D-3569-48E9-AEDC-DE7074D3F20F-1536x1152.jpg\" alt=\"2C3F9D5D-3569-48E9-AEDC-DE7074D3F20F\" \/><\/figure><\/a><\/div><div class=\"swiper-slide\" role=\"group\" aria-roledescription=\"slide\" aria-label=\"10 z 17\"><a data-elementor-open-lightbox=\"yes\" data-elementor-lightbox-slideshow=\"cbb0e0e\" data-elementor-lightbox-title=\"3C4A1CB0-417F-4F40-A0C0-CC3D66E4A188\" data-e-action-hash=\"#elementor-action%3Aaction%3Dlightbox%26settings%3DeyJpZCI6MjAwLCJ1cmwiOiJodHRwczpcL1wvd3d3LnZtdWcuY3pcL3dwLWNvbnRlbnRcL3VwbG9hZHNcLzIwMjRcLzA2XC8zQzRBMUNCMC00MTdGLTRGNDAtQTBDMC1DQzNENjZFNEExODguanBnIiwic2xpZGVzaG93IjoiY2JiMGUwZSJ9\" href=\"https:\/\/www.vmug.cz\/wp-content\/uploads\/2024\/06\/3C4A1CB0-417F-4F40-A0C0-CC3D66E4A188.jpg\"><figure class=\"swiper-slide-inner\"><img decoding=\"async\" class=\"swiper-slide-image\" src=\"https:\/\/www.vmug.cz\/wp-content\/uploads\/2024\/06\/3C4A1CB0-417F-4F40-A0C0-CC3D66E4A188-1536x1152.jpg\" alt=\"3C4A1CB0-417F-4F40-A0C0-CC3D66E4A188\" \/><\/figure><\/a><\/div><div class=\"swiper-slide\" role=\"group\" aria-roledescription=\"slide\" aria-label=\"11 z 17\"><a data-elementor-open-lightbox=\"yes\" data-elementor-lightbox-slideshow=\"cbb0e0e\" data-elementor-lightbox-title=\"ED28E6DB-DD66-49C7-8DCB-30E70BABE8CA\" data-e-action-hash=\"#elementor-action%3Aaction%3Dlightbox%26settings%3DeyJpZCI6MTkyLCJ1cmwiOiJodHRwczpcL1wvd3d3LnZtdWcuY3pcL3dwLWNvbnRlbnRcL3VwbG9hZHNcLzIwMjRcLzA2XC9FRDI4RTZEQi1ERDY2LTQ5QzctOERDQi0zMEU3MEJBQkU4Q0EuanBnIiwic2xpZGVzaG93IjoiY2JiMGUwZSJ9\" href=\"https:\/\/www.vmug.cz\/wp-content\/uploads\/2024\/06\/ED28E6DB-DD66-49C7-8DCB-30E70BABE8CA.jpg\"><figure class=\"swiper-slide-inner\"><img decoding=\"async\" class=\"swiper-slide-image\" src=\"https:\/\/www.vmug.cz\/wp-content\/uploads\/2024\/06\/ED28E6DB-DD66-49C7-8DCB-30E70BABE8CA-1536x1152.jpg\" alt=\"ED28E6DB-DD66-49C7-8DCB-30E70BABE8CA\" \/><\/figure><\/a><\/div><div class=\"swiper-slide\" role=\"group\" aria-roledescription=\"slide\" aria-label=\"12 z 17\"><a data-elementor-open-lightbox=\"yes\" data-elementor-lightbox-slideshow=\"cbb0e0e\" data-elementor-lightbox-title=\"0104F493-59B5-47EC-8180-7CC5A71AAAF2\" data-e-action-hash=\"#elementor-action%3Aaction%3Dlightbox%26settings%3DeyJpZCI6MjAxLCJ1cmwiOiJodHRwczpcL1wvd3d3LnZtdWcuY3pcL3dwLWNvbnRlbnRcL3VwbG9hZHNcLzIwMjRcLzA2XC8wMTA0RjQ5My01OUI1LTQ3RUMtODE4MC03Q0M1QTcxQUFBRjIuanBnIiwic2xpZGVzaG93IjoiY2JiMGUwZSJ9\" href=\"https:\/\/www.vmug.cz\/wp-content\/uploads\/2024\/06\/0104F493-59B5-47EC-8180-7CC5A71AAAF2.jpg\"><figure class=\"swiper-slide-inner\"><img decoding=\"async\" class=\"swiper-slide-image\" src=\"https:\/\/www.vmug.cz\/wp-content\/uploads\/2024\/06\/0104F493-59B5-47EC-8180-7CC5A71AAAF2-1536x1152.jpg\" alt=\"0104F493-59B5-47EC-8180-7CC5A71AAAF2\" \/><\/figure><\/a><\/div><div class=\"swiper-slide\" role=\"group\" aria-roledescription=\"slide\" aria-label=\"13 z 17\"><a data-elementor-open-lightbox=\"yes\" data-elementor-lightbox-slideshow=\"cbb0e0e\" data-elementor-lightbox-title=\"6D863350-5015-44CD-86EA-E310CCADACE1\" data-e-action-hash=\"#elementor-action%3Aaction%3Dlightbox%26settings%3DeyJpZCI6MTkzLCJ1cmwiOiJodHRwczpcL1wvd3d3LnZtdWcuY3pcL3dwLWNvbnRlbnRcL3VwbG9hZHNcLzIwMjRcLzA2XC82RDg2MzM1MC01MDE1LTQ0Q0QtODZFQS1FMzEwQ0NBREFDRTEuanBnIiwic2xpZGVzaG93IjoiY2JiMGUwZSJ9\" href=\"https:\/\/www.vmug.cz\/wp-content\/uploads\/2024\/06\/6D863350-5015-44CD-86EA-E310CCADACE1.jpg\"><figure class=\"swiper-slide-inner\"><img decoding=\"async\" class=\"swiper-slide-image\" src=\"https:\/\/www.vmug.cz\/wp-content\/uploads\/2024\/06\/6D863350-5015-44CD-86EA-E310CCADACE1-1536x1152.jpg\" alt=\"6D863350-5015-44CD-86EA-E310CCADACE1\" \/><\/figure><\/a><\/div><div class=\"swiper-slide\" role=\"group\" aria-roledescription=\"slide\" aria-label=\"14 z 17\"><a data-elementor-open-lightbox=\"yes\" data-elementor-lightbox-slideshow=\"cbb0e0e\" data-elementor-lightbox-title=\"008FDA21-76FF-44CD-A859-621A32DB0997\" data-e-action-hash=\"#elementor-action%3Aaction%3Dlightbox%26settings%3DeyJpZCI6MTk0LCJ1cmwiOiJodHRwczpcL1wvd3d3LnZtdWcuY3pcL3dwLWNvbnRlbnRcL3VwbG9hZHNcLzIwMjRcLzA2XC8wMDhGREEyMS03NkZGLTQ0Q0QtQTg1OS02MjFBMzJEQjA5OTcuanBnIiwic2xpZGVzaG93IjoiY2JiMGUwZSJ9\" href=\"https:\/\/www.vmug.cz\/wp-content\/uploads\/2024\/06\/008FDA21-76FF-44CD-A859-621A32DB0997.jpg\"><figure class=\"swiper-slide-inner\"><img decoding=\"async\" class=\"swiper-slide-image\" src=\"https:\/\/www.vmug.cz\/wp-content\/uploads\/2024\/06\/008FDA21-76FF-44CD-A859-621A32DB0997-1536x1152.jpg\" alt=\"008FDA21-76FF-44CD-A859-621A32DB0997\" \/><\/figure><\/a><\/div><div class=\"swiper-slide\" role=\"group\" aria-roledescription=\"slide\" aria-label=\"15 z 17\"><a data-elementor-open-lightbox=\"yes\" data-elementor-lightbox-slideshow=\"cbb0e0e\" data-elementor-lightbox-title=\"48808ACD-76C2-4211-A01E-57D91534D92F\" data-e-action-hash=\"#elementor-action%3Aaction%3Dlightbox%26settings%3DeyJpZCI6MTk1LCJ1cmwiOiJodHRwczpcL1wvd3d3LnZtdWcuY3pcL3dwLWNvbnRlbnRcL3VwbG9hZHNcLzIwMjRcLzA2XC80ODgwOEFDRC03NkMyLTQyMTEtQTAxRS01N0Q5MTUzNEQ5MkYuanBnIiwic2xpZGVzaG93IjoiY2JiMGUwZSJ9\" href=\"https:\/\/www.vmug.cz\/wp-content\/uploads\/2024\/06\/48808ACD-76C2-4211-A01E-57D91534D92F.jpg\"><figure class=\"swiper-slide-inner\"><img decoding=\"async\" class=\"swiper-slide-image\" src=\"https:\/\/www.vmug.cz\/wp-content\/uploads\/2024\/06\/48808ACD-76C2-4211-A01E-57D91534D92F-1536x1152.jpg\" alt=\"48808ACD-76C2-4211-A01E-57D91534D92F\" \/><\/figure><\/a><\/div><div class=\"swiper-slide\" role=\"group\" aria-roledescription=\"slide\" aria-label=\"16 z 17\"><a data-elementor-open-lightbox=\"yes\" data-elementor-lightbox-slideshow=\"cbb0e0e\" data-elementor-lightbox-title=\"9B09E0CB-E0FC-4D91-8335-8F1010E007C8\" data-e-action-hash=\"#elementor-action%3Aaction%3Dlightbox%26settings%3DeyJpZCI6MTk2LCJ1cmwiOiJodHRwczpcL1wvd3d3LnZtdWcuY3pcL3dwLWNvbnRlbnRcL3VwbG9hZHNcLzIwMjRcLzA2XC85QjA5RTBDQi1FMEZDLTREOTEtODMzNS04RjEwMTBFMDA3QzguanBnIiwic2xpZGVzaG93IjoiY2JiMGUwZSJ9\" href=\"https:\/\/www.vmug.cz\/wp-content\/uploads\/2024\/06\/9B09E0CB-E0FC-4D91-8335-8F1010E007C8.jpg\"><figure class=\"swiper-slide-inner\"><img decoding=\"async\" class=\"swiper-slide-image\" src=\"https:\/\/www.vmug.cz\/wp-content\/uploads\/2024\/06\/9B09E0CB-E0FC-4D91-8335-8F1010E007C8-1536x1050.jpg\" alt=\"9B09E0CB-E0FC-4D91-8335-8F1010E007C8\" \/><\/figure><\/a><\/div><div class=\"swiper-slide\" role=\"group\" aria-roledescription=\"slide\" aria-label=\"17 z 17\"><a data-elementor-open-lightbox=\"yes\" data-elementor-lightbox-slideshow=\"cbb0e0e\" data-elementor-lightbox-title=\"C5EB4377-11A8-4C9E-84E1-E78C2FDF3756\" data-e-action-hash=\"#elementor-action%3Aaction%3Dlightbox%26settings%3DeyJpZCI6MTk3LCJ1cmwiOiJodHRwczpcL1wvd3d3LnZtdWcuY3pcL3dwLWNvbnRlbnRcL3VwbG9hZHNcLzIwMjRcLzA2XC9DNUVCNDM3Ny0xMUE4LTRDOUUtODRFMS1FNzhDMkZERjM3NTYuanBnIiwic2xpZGVzaG93IjoiY2JiMGUwZSJ9\" href=\"https:\/\/www.vmug.cz\/wp-content\/uploads\/2024\/06\/C5EB4377-11A8-4C9E-84E1-E78C2FDF3756.jpg\"><figure class=\"swiper-slide-inner\"><img decoding=\"async\" class=\"swiper-slide-image\" src=\"https:\/\/www.vmug.cz\/wp-content\/uploads\/2024\/06\/C5EB4377-11A8-4C9E-84E1-E78C2FDF3756-1536x1152.jpg\" alt=\"C5EB4377-11A8-4C9E-84E1-E78C2FDF3756\" \/><\/figure><\/a><\/div>\t\t\t<\/div>\n\t\t\t\t\t\t\t\t\t\t\t\t<div class=\"elementor-swiper-button elementor-swiper-button-prev\" role=\"button\" tabindex=\"0\">\n\t\t\t\t\t\t<svg aria-hidden=\"true\" class=\"e-font-icon-svg e-eicon-chevron-left\" viewBox=\"0 0 1000 1000\" xmlns=\"http:\/\/www.w3.org\/2000\/svg\"><path d=\"M646 125C629 125 613 133 604 142L308 442C296 454 292 471 292 487 292 504 296 521 308 533L604 854C617 867 629 875 646 875 663 875 679 871 692 858 704 846 713 829 713 812 713 796 708 779 692 767L438 487 692 225C700 217 708 204 708 187 708 171 704 154 692 142 675 129 663 125 646 125Z\"><\/path><\/svg>\t\t\t\t\t<\/div>\n\t\t\t\t\t<div class=\"elementor-swiper-button elementor-swiper-button-next\" role=\"button\" tabindex=\"0\">\n\t\t\t\t\t\t<svg aria-hidden=\"true\" class=\"e-font-icon-svg e-eicon-chevron-right\" viewBox=\"0 0 1000 1000\" xmlns=\"http:\/\/www.w3.org\/2000\/svg\"><path d=\"M696 533C708 521 713 504 713 487 713 471 708 454 696 446L400 146C388 133 375 125 354 125 338 125 325 129 313 142 300 154 292 171 292 187 292 204 296 221 308 233L563 492 304 771C292 783 288 800 288 817 288 833 296 850 308 863 321 871 338 875 354 875 371 875 388 867 400 854L696 533Z\"><\/path><\/svg>\t\t\t\t\t<\/div>\n\t\t\t\t\n\t\t\t\t\t\t\t\t\t<div class=\"swiper-pagination\"><\/div>\n\t\t\t\t\t\t\t\t\t<\/div>\n\t\t\t\t\t\t<\/div>\n\t\t\t\t<\/div>\n\t\t\t\t\t<\/div>\n\t\t\t\t<\/div>\n\t\t\t\t<\/div>\n\t\t","protected":false},"excerpt":{"rendered":"","protected":false},"author":1,"featured_media":0,"parent":0,"menu_order":0,"comment_status":"closed","ping_status":"closed","template":"","meta":{"_bbp_topic_count":0,"_bbp_reply_count":0,"_bbp_total_topic_count":0,"_bbp_total_reply_count":0,"_bbp_voice_count":0,"_bbp_anonymous_reply_count":0,"_bbp_topic_count_hidden":0,"_bbp_reply_count_hidden":0,"_bbp_forum_subforum_count":0,"footnotes":""},"class_list":["post-40","page","type-page","status-publish","hentry"],"yoast_head":"<!-- This site is optimized with the Yoast SEO plugin v27.3 - https:\/\/yoast.com\/product\/yoast-seo-wordpress\/ -->\n<title>VMUG 2022 - VMUGCZ<\/title>\n<meta name=\"robots\" content=\"index, follow, max-snippet:-1, max-image-preview:large, max-video-preview:-1\" \/>\n<link rel=\"canonical\" href=\"https:\/\/www.vmug.cz\/?page_id=40\" \/>\n<meta property=\"og:locale\" content=\"cs_CZ\" \/>\n<meta property=\"og:type\" content=\"article\" \/>\n<meta property=\"og:title\" content=\"VMUG 2022 - VMUGCZ\" \/>\n<meta property=\"og:url\" content=\"https:\/\/www.vmug.cz\/?page_id=40\" \/>\n<meta property=\"og:site_name\" content=\"VMUGCZ\" \/>\n<meta property=\"article:modified_time\" content=\"2024-06-01T18:25:21+00:00\" \/>\n<meta property=\"og:image\" content=\"https:\/\/www.vmug.cz\/wp-content\/uploads\/2024\/06\/660B34D9-C927-4675-B3F1-7B269A530E1C.jpg\" \/>\n<meta name=\"twitter:card\" content=\"summary_large_image\" \/>\n<meta name=\"twitter:label1\" content=\"Odhadovan\u00e1 doba \u010dten\u00ed\" \/>\n\t<meta name=\"twitter:data1\" content=\"5 minut\" \/>\n<script type=\"application\/ld+json\" class=\"yoast-schema-graph\">{\"@context\":\"https:\\\/\\\/schema.org\",\"@graph\":[{\"@type\":\"WebPage\",\"@id\":\"https:\\\/\\\/www.vmug.cz\\\/?page_id=40\",\"url\":\"https:\\\/\\\/www.vmug.cz\\\/?page_id=40\",\"name\":\"VMUG 2022 - VMUGCZ\",\"isPartOf\":{\"@id\":\"https:\\\/\\\/www.vmug.cz\\\/#website\"},\"primaryImageOfPage\":{\"@id\":\"https:\\\/\\\/www.vmug.cz\\\/?page_id=40#primaryimage\"},\"image\":{\"@id\":\"https:\\\/\\\/www.vmug.cz\\\/?page_id=40#primaryimage\"},\"thumbnailUrl\":\"https:\\\/\\\/www.vmug.cz\\\/wp-content\\\/uploads\\\/2024\\\/06\\\/660B34D9-C927-4675-B3F1-7B269A530E1C.jpg\",\"datePublished\":\"2022-04-16T20:55:50+00:00\",\"dateModified\":\"2024-06-01T18:25:21+00:00\",\"breadcrumb\":{\"@id\":\"https:\\\/\\\/www.vmug.cz\\\/?page_id=40#breadcrumb\"},\"inLanguage\":\"cs\",\"potentialAction\":[{\"@type\":\"ReadAction\",\"target\":[\"https:\\\/\\\/www.vmug.cz\\\/?page_id=40\"]}]},{\"@type\":\"ImageObject\",\"inLanguage\":\"cs\",\"@id\":\"https:\\\/\\\/www.vmug.cz\\\/?page_id=40#primaryimage\",\"url\":\"https:\\\/\\\/www.vmug.cz\\\/wp-content\\\/uploads\\\/2024\\\/06\\\/660B34D9-C927-4675-B3F1-7B269A530E1C.jpg\",\"contentUrl\":\"https:\\\/\\\/www.vmug.cz\\\/wp-content\\\/uploads\\\/2024\\\/06\\\/660B34D9-C927-4675-B3F1-7B269A530E1C.jpg\"},{\"@type\":\"BreadcrumbList\",\"@id\":\"https:\\\/\\\/www.vmug.cz\\\/?page_id=40#breadcrumb\",\"itemListElement\":[{\"@type\":\"ListItem\",\"position\":1,\"name\":\"Home\",\"item\":\"https:\\\/\\\/www.vmug.cz\\\/\"},{\"@type\":\"ListItem\",\"position\":2,\"name\":\"VMUG 2022\"}]},{\"@type\":\"WebSite\",\"@id\":\"https:\\\/\\\/www.vmug.cz\\\/#website\",\"url\":\"https:\\\/\\\/www.vmug.cz\\\/\",\"name\":\"VMUGCZ\",\"description\":\"VMware User Group Czech Republic\",\"potentialAction\":[{\"@type\":\"SearchAction\",\"target\":{\"@type\":\"EntryPoint\",\"urlTemplate\":\"https:\\\/\\\/www.vmug.cz\\\/?s={search_term_string}\"},\"query-input\":{\"@type\":\"PropertyValueSpecification\",\"valueRequired\":true,\"valueName\":\"search_term_string\"}}],\"inLanguage\":\"cs\"}]}<\/script>\n<!-- \/ Yoast SEO plugin. -->","yoast_head_json":{"title":"VMUG 2022 - VMUGCZ","robots":{"index":"index","follow":"follow","max-snippet":"max-snippet:-1","max-image-preview":"max-image-preview:large","max-video-preview":"max-video-preview:-1"},"canonical":"https:\/\/www.vmug.cz\/?page_id=40","og_locale":"cs_CZ","og_type":"article","og_title":"VMUG 2022 - VMUGCZ","og_url":"https:\/\/www.vmug.cz\/?page_id=40","og_site_name":"VMUGCZ","article_modified_time":"2024-06-01T18:25:21+00:00","og_image":[{"url":"https:\/\/www.vmug.cz\/wp-content\/uploads\/2024\/06\/660B34D9-C927-4675-B3F1-7B269A530E1C.jpg","type":"","width":"","height":""}],"twitter_card":"summary_large_image","twitter_misc":{"Odhadovan\u00e1 doba \u010dten\u00ed":"5 minut"},"schema":{"@context":"https:\/\/schema.org","@graph":[{"@type":"WebPage","@id":"https:\/\/www.vmug.cz\/?page_id=40","url":"https:\/\/www.vmug.cz\/?page_id=40","name":"VMUG 2022 - VMUGCZ","isPartOf":{"@id":"https:\/\/www.vmug.cz\/#website"},"primaryImageOfPage":{"@id":"https:\/\/www.vmug.cz\/?page_id=40#primaryimage"},"image":{"@id":"https:\/\/www.vmug.cz\/?page_id=40#primaryimage"},"thumbnailUrl":"https:\/\/www.vmug.cz\/wp-content\/uploads\/2024\/06\/660B34D9-C927-4675-B3F1-7B269A530E1C.jpg","datePublished":"2022-04-16T20:55:50+00:00","dateModified":"2024-06-01T18:25:21+00:00","breadcrumb":{"@id":"https:\/\/www.vmug.cz\/?page_id=40#breadcrumb"},"inLanguage":"cs","potentialAction":[{"@type":"ReadAction","target":["https:\/\/www.vmug.cz\/?page_id=40"]}]},{"@type":"ImageObject","inLanguage":"cs","@id":"https:\/\/www.vmug.cz\/?page_id=40#primaryimage","url":"https:\/\/www.vmug.cz\/wp-content\/uploads\/2024\/06\/660B34D9-C927-4675-B3F1-7B269A530E1C.jpg","contentUrl":"https:\/\/www.vmug.cz\/wp-content\/uploads\/2024\/06\/660B34D9-C927-4675-B3F1-7B269A530E1C.jpg"},{"@type":"BreadcrumbList","@id":"https:\/\/www.vmug.cz\/?page_id=40#breadcrumb","itemListElement":[{"@type":"ListItem","position":1,"name":"Home","item":"https:\/\/www.vmug.cz\/"},{"@type":"ListItem","position":2,"name":"VMUG 2022"}]},{"@type":"WebSite","@id":"https:\/\/www.vmug.cz\/#website","url":"https:\/\/www.vmug.cz\/","name":"VMUGCZ","description":"VMware User Group Czech Republic","potentialAction":[{"@type":"SearchAction","target":{"@type":"EntryPoint","urlTemplate":"https:\/\/www.vmug.cz\/?s={search_term_string}"},"query-input":{"@type":"PropertyValueSpecification","valueRequired":true,"valueName":"search_term_string"}}],"inLanguage":"cs"}]}},"_links":{"self":[{"href":"https:\/\/www.vmug.cz\/index.php?rest_route=\/wp\/v2\/pages\/40","targetHints":{"allow":["GET"]}}],"collection":[{"href":"https:\/\/www.vmug.cz\/index.php?rest_route=\/wp\/v2\/pages"}],"about":[{"href":"https:\/\/www.vmug.cz\/index.php?rest_route=\/wp\/v2\/types\/page"}],"author":[{"embeddable":true,"href":"https:\/\/www.vmug.cz\/index.php?rest_route=\/wp\/v2\/users\/1"}],"replies":[{"embeddable":true,"href":"https:\/\/www.vmug.cz\/index.php?rest_route=%2Fwp%2Fv2%2Fcomments&post=40"}],"version-history":[{"count":0,"href":"https:\/\/www.vmug.cz\/index.php?rest_route=\/wp\/v2\/pages\/40\/revisions"}],"wp:attachment":[{"href":"https:\/\/www.vmug.cz\/index.php?rest_route=%2Fwp%2Fv2%2Fmedia&parent=40"}],"curies":[{"name":"wp","href":"https:\/\/api.w.org\/{rel}","templated":true}]}}