{"id":41,"date":"2022-04-16T22:55:50","date_gmt":"2022-04-16T20:55:50","guid":{"rendered":"https:\/\/www.vmug.cz\/?page_id=41"},"modified":"2024-06-01T20:39:07","modified_gmt":"2024-06-01T18:39:07","slug":"vmug-2021","status":"publish","type":"page","link":"https:\/\/www.vmug.cz\/?page_id=41","title":{"rendered":"VMUG 2021"},"content":{"rendered":"\t\t<div data-elementor-type=\"wp-page\" data-elementor-id=\"41\" class=\"elementor elementor-41\">\n\t\t\t\t<div class=\"elementor-element elementor-element-c13736a e-flex e-con-boxed e-con e-parent\" data-id=\"c13736a\" data-element_type=\"container\" data-e-type=\"container\">\n\t\t\t\t\t<div class=\"e-con-inner\">\n\t\t\t\t<div class=\"elementor-element elementor-element-c68ae6e elementor-widget elementor-widget-video\" data-id=\"c68ae6e\" data-element_type=\"widget\" data-e-type=\"widget\" data-settings=\"{&quot;youtube_url&quot;:&quot;https:\\\/\\\/youtu.be\\\/CqNFCUahpvU&quot;,&quot;video_type&quot;:&quot;youtube&quot;,&quot;controls&quot;:&quot;yes&quot;}\" data-widget_type=\"video.default\">\n\t\t\t\t<div class=\"elementor-widget-container\">\n\t\t\t\t\t\t\t<div class=\"elementor-wrapper elementor-open-inline\">\n\t\t\t<div class=\"elementor-video\"><\/div>\t\t<\/div>\n\t\t\t\t\t\t<\/div>\n\t\t\t\t<\/div>\n\t\t\t\t\t<\/div>\n\t\t\t\t<\/div>\n\t\t<div class=\"elementor-element elementor-element-2933478 e-flex e-con-boxed e-con e-parent\" data-id=\"2933478\" data-element_type=\"container\" data-e-type=\"container\">\n\t\t\t\t\t<div class=\"e-con-inner\">\n\t\t\t\t<div class=\"elementor-element elementor-element-54b61dc elementor-widget elementor-widget-video\" data-id=\"54b61dc\" data-element_type=\"widget\" data-e-type=\"widget\" data-settings=\"{&quot;youtube_url&quot;:&quot;https:\\\/\\\/youtu.be\\\/9YWDyAz5VMA&quot;,&quot;video_type&quot;:&quot;youtube&quot;,&quot;controls&quot;:&quot;yes&quot;}\" data-widget_type=\"video.default\">\n\t\t\t\t<div class=\"elementor-widget-container\">\n\t\t\t\t\t\t\t<div class=\"elementor-wrapper elementor-open-inline\">\n\t\t\t<div class=\"elementor-video\"><\/div>\t\t<\/div>\n\t\t\t\t\t\t<\/div>\n\t\t\t\t<\/div>\n\t\t\t\t\t<\/div>\n\t\t\t\t<\/div>\n\t\t<div class=\"elementor-element elementor-element-aaa1b38 e-flex e-con-boxed e-con e-parent\" data-id=\"aaa1b38\" data-element_type=\"container\" data-e-type=\"container\">\n\t\t\t\t\t<div class=\"e-con-inner\">\n\t\t\t\t<div class=\"elementor-element elementor-element-93d42f6 elementor-widget elementor-widget-video\" data-id=\"93d42f6\" data-element_type=\"widget\" data-e-type=\"widget\" data-settings=\"{&quot;youtube_url&quot;:&quot;https:\\\/\\\/youtu.be\\\/-0fHsbMuI2I&quot;,&quot;video_type&quot;:&quot;youtube&quot;,&quot;controls&quot;:&quot;yes&quot;}\" data-widget_type=\"video.default\">\n\t\t\t\t<div class=\"elementor-widget-container\">\n\t\t\t\t\t\t\t<div class=\"elementor-wrapper elementor-open-inline\">\n\t\t\t<div class=\"elementor-video\"><\/div>\t\t<\/div>\n\t\t\t\t\t\t<\/div>\n\t\t\t\t<\/div>\n\t\t\t\t\t<\/div>\n\t\t\t\t<\/div>\n\t\t<div class=\"elementor-element elementor-element-094dafe e-flex e-con-boxed e-con e-parent\" data-id=\"094dafe\" data-element_type=\"container\" data-e-type=\"container\">\n\t\t\t\t\t<div class=\"e-con-inner\">\n\t\t\t\t<div class=\"elementor-element elementor-element-92a182c elementor-widget elementor-widget-image-gallery\" data-id=\"92a182c\" data-element_type=\"widget\" data-e-type=\"widget\" data-widget_type=\"image-gallery.default\">\n\t\t\t\t<div class=\"elementor-widget-container\">\n\t\t\t\t\t\t\t<div class=\"elementor-image-gallery\">\n\t\t\t<div id='gallery-1' class='gallery galleryid-41 gallery-columns-1 gallery-size-1536x1536'><figure class='gallery-item'>\n\t\t\t<div class='gallery-icon landscape'>\n\t\t\t\t<a data-elementor-open-lightbox=\"yes\" data-elementor-lightbox-slideshow=\"92a182c\" data-elementor-lightbox-title=\"1C7430F2-D49E-4C09-88A7-7EE9D1D7F8FB_4_5005_c\" data-e-action-hash=\"#elementor-action%3Aaction%3Dlightbox%26settings%3DeyJpZCI6MjI1LCJ1cmwiOiJodHRwczpcL1wvd3d3LnZtdWcuY3pcL3dwLWNvbnRlbnRcL3VwbG9hZHNcLzIwMjRcLzA2XC8xQzc0MzBGMi1ENDlFLTRDMDktODhBNy03RUU5RDFEN0Y4RkJfNF81MDA1X2MuanBlZyIsInNsaWRlc2hvdyI6IjkyYTE4MmMifQ%3D%3D\" href='https:\/\/www.vmug.cz\/wp-content\/uploads\/2024\/06\/1C7430F2-D49E-4C09-88A7-7EE9D1D7F8FB_4_5005_c.jpeg'><img fetchpriority=\"high\" decoding=\"async\" width=\"526\" height=\"360\" src=\"https:\/\/www.vmug.cz\/wp-content\/uploads\/2024\/06\/1C7430F2-D49E-4C09-88A7-7EE9D1D7F8FB_4_5005_c.jpeg\" class=\"attachment-1536x1536 size-1536x1536\" alt=\"\" srcset=\"https:\/\/www.vmug.cz\/wp-content\/uploads\/2024\/06\/1C7430F2-D49E-4C09-88A7-7EE9D1D7F8FB_4_5005_c.jpeg 526w, https:\/\/www.vmug.cz\/wp-content\/uploads\/2024\/06\/1C7430F2-D49E-4C09-88A7-7EE9D1D7F8FB_4_5005_c-300x205.jpeg 300w\" sizes=\"(max-width: 526px) 100vw, 526px\" \/><\/a>\n\t\t\t<\/div><\/figure><figure class='gallery-item'>\n\t\t\t<div class='gallery-icon landscape'>\n\t\t\t\t<a data-elementor-open-lightbox=\"yes\" data-elementor-lightbox-slideshow=\"92a182c\" data-elementor-lightbox-title=\"61E93642-682B-4F80-80AB-27C231D92092_4_5005_c\" data-e-action-hash=\"#elementor-action%3Aaction%3Dlightbox%26settings%3DeyJpZCI6MjIxLCJ1cmwiOiJodHRwczpcL1wvd3d3LnZtdWcuY3pcL3dwLWNvbnRlbnRcL3VwbG9hZHNcLzIwMjRcLzA2XC82MUU5MzY0Mi02ODJCLTRGODAtODBBQi0yN0MyMzFEOTIwOTJfNF81MDA1X2MuanBlZyIsInNsaWRlc2hvdyI6IjkyYTE4MmMifQ%3D%3D\" href='https:\/\/www.vmug.cz\/wp-content\/uploads\/2024\/06\/61E93642-682B-4F80-80AB-27C231D92092_4_5005_c.jpeg'><img decoding=\"async\" width=\"798\" height=\"359\" src=\"https:\/\/www.vmug.cz\/wp-content\/uploads\/2024\/06\/61E93642-682B-4F80-80AB-27C231D92092_4_5005_c.jpeg\" class=\"attachment-1536x1536 size-1536x1536\" alt=\"\" srcset=\"https:\/\/www.vmug.cz\/wp-content\/uploads\/2024\/06\/61E93642-682B-4F80-80AB-27C231D92092_4_5005_c.jpeg 798w, https:\/\/www.vmug.cz\/wp-content\/uploads\/2024\/06\/61E93642-682B-4F80-80AB-27C231D92092_4_5005_c-300x135.jpeg 300w, https:\/\/www.vmug.cz\/wp-content\/uploads\/2024\/06\/61E93642-682B-4F80-80AB-27C231D92092_4_5005_c-768x346.jpeg 768w, https:\/\/www.vmug.cz\/wp-content\/uploads\/2024\/06\/61E93642-682B-4F80-80AB-27C231D92092_4_5005_c-600x270.jpeg 600w\" sizes=\"(max-width: 798px) 100vw, 798px\" \/><\/a>\n\t\t\t<\/div><\/figure><figure class='gallery-item'>\n\t\t\t<div class='gallery-icon landscape'>\n\t\t\t\t<a data-elementor-open-lightbox=\"yes\" data-elementor-lightbox-slideshow=\"92a182c\" data-elementor-lightbox-title=\"28F6C8AE-5D9C-418F-95FD-B8D69FA2290B_4_5005_c\" data-e-action-hash=\"#elementor-action%3Aaction%3Dlightbox%26settings%3DeyJpZCI6MjIyLCJ1cmwiOiJodHRwczpcL1wvd3d3LnZtdWcuY3pcL3dwLWNvbnRlbnRcL3VwbG9hZHNcLzIwMjRcLzA2XC8yOEY2QzhBRS01RDlDLTQxOEYtOTVGRC1COEQ2OUZBMjI5MEJfNF81MDA1X2MuanBlZyIsInNsaWRlc2hvdyI6IjkyYTE4MmMifQ%3D%3D\" href='https:\/\/www.vmug.cz\/wp-content\/uploads\/2024\/06\/28F6C8AE-5D9C-418F-95FD-B8D69FA2290B_4_5005_c.jpeg'><img decoding=\"async\" width=\"798\" height=\"359\" src=\"https:\/\/www.vmug.cz\/wp-content\/uploads\/2024\/06\/28F6C8AE-5D9C-418F-95FD-B8D69FA2290B_4_5005_c.jpeg\" class=\"attachment-1536x1536 size-1536x1536\" alt=\"\" srcset=\"https:\/\/www.vmug.cz\/wp-content\/uploads\/2024\/06\/28F6C8AE-5D9C-418F-95FD-B8D69FA2290B_4_5005_c.jpeg 798w, https:\/\/www.vmug.cz\/wp-content\/uploads\/2024\/06\/28F6C8AE-5D9C-418F-95FD-B8D69FA2290B_4_5005_c-300x135.jpeg 300w, https:\/\/www.vmug.cz\/wp-content\/uploads\/2024\/06\/28F6C8AE-5D9C-418F-95FD-B8D69FA2290B_4_5005_c-768x346.jpeg 768w, https:\/\/www.vmug.cz\/wp-content\/uploads\/2024\/06\/28F6C8AE-5D9C-418F-95FD-B8D69FA2290B_4_5005_c-600x270.jpeg 600w\" sizes=\"(max-width: 798px) 100vw, 798px\" \/><\/a>\n\t\t\t<\/div><\/figure><figure class='gallery-item'>\n\t\t\t<div class='gallery-icon landscape'>\n\t\t\t\t<a data-elementor-open-lightbox=\"yes\" data-elementor-lightbox-slideshow=\"92a182c\" data-elementor-lightbox-title=\"6535436A-EA49-46C9-92CC-BCEAFD11CC67_4_5005_c\" data-e-action-hash=\"#elementor-action%3Aaction%3Dlightbox%26settings%3DeyJpZCI6MjIzLCJ1cmwiOiJodHRwczpcL1wvd3d3LnZtdWcuY3pcL3dwLWNvbnRlbnRcL3VwbG9hZHNcLzIwMjRcLzA2XC82NTM1NDM2QS1FQTQ5LTQ2QzktOTJDQy1CQ0VBRkQxMUNDNjdfNF81MDA1X2MuanBlZyIsInNsaWRlc2hvdyI6IjkyYTE4MmMifQ%3D%3D\" href='https:\/\/www.vmug.cz\/wp-content\/uploads\/2024\/06\/6535436A-EA49-46C9-92CC-BCEAFD11CC67_4_5005_c.jpeg'><img loading=\"lazy\" decoding=\"async\" width=\"798\" height=\"359\" src=\"https:\/\/www.vmug.cz\/wp-content\/uploads\/2024\/06\/6535436A-EA49-46C9-92CC-BCEAFD11CC67_4_5005_c.jpeg\" class=\"attachment-1536x1536 size-1536x1536\" alt=\"\" srcset=\"https:\/\/www.vmug.cz\/wp-content\/uploads\/2024\/06\/6535436A-EA49-46C9-92CC-BCEAFD11CC67_4_5005_c.jpeg 798w, https:\/\/www.vmug.cz\/wp-content\/uploads\/2024\/06\/6535436A-EA49-46C9-92CC-BCEAFD11CC67_4_5005_c-300x135.jpeg 300w, https:\/\/www.vmug.cz\/wp-content\/uploads\/2024\/06\/6535436A-EA49-46C9-92CC-BCEAFD11CC67_4_5005_c-768x346.jpeg 768w, https:\/\/www.vmug.cz\/wp-content\/uploads\/2024\/06\/6535436A-EA49-46C9-92CC-BCEAFD11CC67_4_5005_c-600x270.jpeg 600w\" sizes=\"(max-width: 798px) 100vw, 798px\" \/><\/a>\n\t\t\t<\/div><\/figure><figure class='gallery-item'>\n\t\t\t<div class='gallery-icon landscape'>\n\t\t\t\t<a data-elementor-open-lightbox=\"yes\" data-elementor-lightbox-slideshow=\"92a182c\" data-elementor-lightbox-title=\"05EA17F5-A90C-44F8-8F88-D6670DF088F3_4_5005_c\" data-e-action-hash=\"#elementor-action%3Aaction%3Dlightbox%26settings%3DeyJpZCI6MjI0LCJ1cmwiOiJodHRwczpcL1wvd3d3LnZtdWcuY3pcL3dwLWNvbnRlbnRcL3VwbG9hZHNcLzIwMjRcLzA2XC8wNUVBMTdGNS1BOTBDLTQ0RjgtOEY4OC1ENjY3MERGMDg4RjNfNF81MDA1X2MuanBlZyIsInNsaWRlc2hvdyI6IjkyYTE4MmMifQ%3D%3D\" href='https:\/\/www.vmug.cz\/wp-content\/uploads\/2024\/06\/05EA17F5-A90C-44F8-8F88-D6670DF088F3_4_5005_c.jpeg'><img loading=\"lazy\" decoding=\"async\" width=\"798\" height=\"359\" src=\"https:\/\/www.vmug.cz\/wp-content\/uploads\/2024\/06\/05EA17F5-A90C-44F8-8F88-D6670DF088F3_4_5005_c.jpeg\" class=\"attachment-1536x1536 size-1536x1536\" alt=\"\" srcset=\"https:\/\/www.vmug.cz\/wp-content\/uploads\/2024\/06\/05EA17F5-A90C-44F8-8F88-D6670DF088F3_4_5005_c.jpeg 798w, https:\/\/www.vmug.cz\/wp-content\/uploads\/2024\/06\/05EA17F5-A90C-44F8-8F88-D6670DF088F3_4_5005_c-300x135.jpeg 300w, https:\/\/www.vmug.cz\/wp-content\/uploads\/2024\/06\/05EA17F5-A90C-44F8-8F88-D6670DF088F3_4_5005_c-768x346.jpeg 768w, https:\/\/www.vmug.cz\/wp-content\/uploads\/2024\/06\/05EA17F5-A90C-44F8-8F88-D6670DF088F3_4_5005_c-600x270.jpeg 600w\" sizes=\"(max-width: 798px) 100vw, 798px\" \/><\/a>\n\t\t\t<\/div><\/figure>\n\t\t<\/div>\n\t\t<\/div>\n\t\t\t\t\t\t<\/div>\n\t\t\t\t<\/div>\n\t\t\t\t\t<\/div>\n\t\t\t\t<\/div>\n\t\t\t\t<\/div>\n\t\t","protected":false},"excerpt":{"rendered":"<p>https:\/\/youtu.be\/CqNFCUahpvUhttps:\/\/youtu.be\/9YWDyAz5VMAhttps:\/\/youtu.be\/-0fHsbMuI2I<\/p>\n","protected":false},"author":1,"featured_media":0,"parent":0,"menu_order":0,"comment_status":"closed","ping_status":"closed","template":"","meta":{"_bbp_topic_count":0,"_bbp_reply_count":0,"_bbp_total_topic_count":0,"_bbp_total_reply_count":0,"_bbp_voice_count":0,"_bbp_anonymous_reply_count":0,"_bbp_topic_count_hidden":0,"_bbp_reply_count_hidden":0,"_bbp_forum_subforum_count":0,"footnotes":""},"class_list":["post-41","page","type-page","status-publish","hentry"],"yoast_head":"<!-- This site is optimized with the Yoast SEO plugin v27.3 - https:\/\/yoast.com\/product\/yoast-seo-wordpress\/ -->\n<title>VMUG 2021 - VMUGCZ<\/title>\n<meta name=\"robots\" content=\"index, follow, max-snippet:-1, max-image-preview:large, max-video-preview:-1\" \/>\n<link rel=\"canonical\" href=\"https:\/\/www.vmug.cz\/?page_id=41\" \/>\n<meta property=\"og:locale\" content=\"cs_CZ\" \/>\n<meta property=\"og:type\" content=\"article\" \/>\n<meta property=\"og:title\" content=\"VMUG 2021 - VMUGCZ\" \/>\n<meta property=\"og:description\" content=\"https:\/\/youtu.be\/CqNFCUahpvUhttps:\/\/youtu.be\/9YWDyAz5VMAhttps:\/\/youtu.be\/-0fHsbMuI2I\" \/>\n<meta property=\"og:url\" content=\"https:\/\/www.vmug.cz\/?page_id=41\" \/>\n<meta property=\"og:site_name\" content=\"VMUGCZ\" \/>\n<meta property=\"article:modified_time\" content=\"2024-06-01T18:39:07+00:00\" \/>\n<meta property=\"og:image\" content=\"https:\/\/www.vmug.cz\/wp-content\/uploads\/2024\/06\/1C7430F2-D49E-4C09-88A7-7EE9D1D7F8FB_4_5005_c.jpeg\" \/>\n<meta name=\"twitter:card\" content=\"summary_large_image\" \/>\n<meta name=\"twitter:label1\" content=\"Odhadovan\u00e1 doba \u010dten\u00ed\" \/>\n\t<meta name=\"twitter:data1\" content=\"1 minuta\" \/>\n<script type=\"application\/ld+json\" class=\"yoast-schema-graph\">{\"@context\":\"https:\\\/\\\/schema.org\",\"@graph\":[{\"@type\":\"WebPage\",\"@id\":\"https:\\\/\\\/www.vmug.cz\\\/?page_id=41\",\"url\":\"https:\\\/\\\/www.vmug.cz\\\/?page_id=41\",\"name\":\"VMUG 2021 - VMUGCZ\",\"isPartOf\":{\"@id\":\"https:\\\/\\\/www.vmug.cz\\\/#website\"},\"primaryImageOfPage\":{\"@id\":\"https:\\\/\\\/www.vmug.cz\\\/?page_id=41#primaryimage\"},\"image\":{\"@id\":\"https:\\\/\\\/www.vmug.cz\\\/?page_id=41#primaryimage\"},\"thumbnailUrl\":\"https:\\\/\\\/www.vmug.cz\\\/wp-content\\\/uploads\\\/2024\\\/06\\\/1C7430F2-D49E-4C09-88A7-7EE9D1D7F8FB_4_5005_c.jpeg\",\"datePublished\":\"2022-04-16T20:55:50+00:00\",\"dateModified\":\"2024-06-01T18:39:07+00:00\",\"breadcrumb\":{\"@id\":\"https:\\\/\\\/www.vmug.cz\\\/?page_id=41#breadcrumb\"},\"inLanguage\":\"cs\",\"potentialAction\":[{\"@type\":\"ReadAction\",\"target\":[\"https:\\\/\\\/www.vmug.cz\\\/?page_id=41\"]}]},{\"@type\":\"ImageObject\",\"inLanguage\":\"cs\",\"@id\":\"https:\\\/\\\/www.vmug.cz\\\/?page_id=41#primaryimage\",\"url\":\"https:\\\/\\\/www.vmug.cz\\\/wp-content\\\/uploads\\\/2024\\\/06\\\/1C7430F2-D49E-4C09-88A7-7EE9D1D7F8FB_4_5005_c.jpeg\",\"contentUrl\":\"https:\\\/\\\/www.vmug.cz\\\/wp-content\\\/uploads\\\/2024\\\/06\\\/1C7430F2-D49E-4C09-88A7-7EE9D1D7F8FB_4_5005_c.jpeg\"},{\"@type\":\"BreadcrumbList\",\"@id\":\"https:\\\/\\\/www.vmug.cz\\\/?page_id=41#breadcrumb\",\"itemListElement\":[{\"@type\":\"ListItem\",\"position\":1,\"name\":\"Home\",\"item\":\"https:\\\/\\\/www.vmug.cz\\\/\"},{\"@type\":\"ListItem\",\"position\":2,\"name\":\"VMUG 2021\"}]},{\"@type\":\"WebSite\",\"@id\":\"https:\\\/\\\/www.vmug.cz\\\/#website\",\"url\":\"https:\\\/\\\/www.vmug.cz\\\/\",\"name\":\"VMUGCZ\",\"description\":\"VMware User Group Czech Republic\",\"potentialAction\":[{\"@type\":\"SearchAction\",\"target\":{\"@type\":\"EntryPoint\",\"urlTemplate\":\"https:\\\/\\\/www.vmug.cz\\\/?s={search_term_string}\"},\"query-input\":{\"@type\":\"PropertyValueSpecification\",\"valueRequired\":true,\"valueName\":\"search_term_string\"}}],\"inLanguage\":\"cs\"}]}<\/script>\n<!-- \/ Yoast SEO plugin. -->","yoast_head_json":{"title":"VMUG 2021 - VMUGCZ","robots":{"index":"index","follow":"follow","max-snippet":"max-snippet:-1","max-image-preview":"max-image-preview:large","max-video-preview":"max-video-preview:-1"},"canonical":"https:\/\/www.vmug.cz\/?page_id=41","og_locale":"cs_CZ","og_type":"article","og_title":"VMUG 2021 - VMUGCZ","og_description":"https:\/\/youtu.be\/CqNFCUahpvUhttps:\/\/youtu.be\/9YWDyAz5VMAhttps:\/\/youtu.be\/-0fHsbMuI2I","og_url":"https:\/\/www.vmug.cz\/?page_id=41","og_site_name":"VMUGCZ","article_modified_time":"2024-06-01T18:39:07+00:00","og_image":[{"url":"https:\/\/www.vmug.cz\/wp-content\/uploads\/2024\/06\/1C7430F2-D49E-4C09-88A7-7EE9D1D7F8FB_4_5005_c.jpeg","type":"","width":"","height":""}],"twitter_card":"summary_large_image","twitter_misc":{"Odhadovan\u00e1 doba \u010dten\u00ed":"1 minuta"},"schema":{"@context":"https:\/\/schema.org","@graph":[{"@type":"WebPage","@id":"https:\/\/www.vmug.cz\/?page_id=41","url":"https:\/\/www.vmug.cz\/?page_id=41","name":"VMUG 2021 - VMUGCZ","isPartOf":{"@id":"https:\/\/www.vmug.cz\/#website"},"primaryImageOfPage":{"@id":"https:\/\/www.vmug.cz\/?page_id=41#primaryimage"},"image":{"@id":"https:\/\/www.vmug.cz\/?page_id=41#primaryimage"},"thumbnailUrl":"https:\/\/www.vmug.cz\/wp-content\/uploads\/2024\/06\/1C7430F2-D49E-4C09-88A7-7EE9D1D7F8FB_4_5005_c.jpeg","datePublished":"2022-04-16T20:55:50+00:00","dateModified":"2024-06-01T18:39:07+00:00","breadcrumb":{"@id":"https:\/\/www.vmug.cz\/?page_id=41#breadcrumb"},"inLanguage":"cs","potentialAction":[{"@type":"ReadAction","target":["https:\/\/www.vmug.cz\/?page_id=41"]}]},{"@type":"ImageObject","inLanguage":"cs","@id":"https:\/\/www.vmug.cz\/?page_id=41#primaryimage","url":"https:\/\/www.vmug.cz\/wp-content\/uploads\/2024\/06\/1C7430F2-D49E-4C09-88A7-7EE9D1D7F8FB_4_5005_c.jpeg","contentUrl":"https:\/\/www.vmug.cz\/wp-content\/uploads\/2024\/06\/1C7430F2-D49E-4C09-88A7-7EE9D1D7F8FB_4_5005_c.jpeg"},{"@type":"BreadcrumbList","@id":"https:\/\/www.vmug.cz\/?page_id=41#breadcrumb","itemListElement":[{"@type":"ListItem","position":1,"name":"Home","item":"https:\/\/www.vmug.cz\/"},{"@type":"ListItem","position":2,"name":"VMUG 2021"}]},{"@type":"WebSite","@id":"https:\/\/www.vmug.cz\/#website","url":"https:\/\/www.vmug.cz\/","name":"VMUGCZ","description":"VMware User Group Czech Republic","potentialAction":[{"@type":"SearchAction","target":{"@type":"EntryPoint","urlTemplate":"https:\/\/www.vmug.cz\/?s={search_term_string}"},"query-input":{"@type":"PropertyValueSpecification","valueRequired":true,"valueName":"search_term_string"}}],"inLanguage":"cs"}]}},"_links":{"self":[{"href":"https:\/\/www.vmug.cz\/index.php?rest_route=\/wp\/v2\/pages\/41","targetHints":{"allow":["GET"]}}],"collection":[{"href":"https:\/\/www.vmug.cz\/index.php?rest_route=\/wp\/v2\/pages"}],"about":[{"href":"https:\/\/www.vmug.cz\/index.php?rest_route=\/wp\/v2\/types\/page"}],"author":[{"embeddable":true,"href":"https:\/\/www.vmug.cz\/index.php?rest_route=\/wp\/v2\/users\/1"}],"replies":[{"embeddable":true,"href":"https:\/\/www.vmug.cz\/index.php?rest_route=%2Fwp%2Fv2%2Fcomments&post=41"}],"version-history":[{"count":0,"href":"https:\/\/www.vmug.cz\/index.php?rest_route=\/wp\/v2\/pages\/41\/revisions"}],"wp:attachment":[{"href":"https:\/\/www.vmug.cz\/index.php?rest_route=%2Fwp%2Fv2%2Fmedia&parent=41"}],"curies":[{"name":"wp","href":"https:\/\/api.w.org\/{rel}","templated":true}]}}