{"id":67,"date":"2022-04-16T22:59:50","date_gmt":"2022-04-16T20:59:50","guid":{"rendered":"https:\/\/www.vmug.cz\/?page_id=67"},"modified":"2022-04-16T23:55:48","modified_gmt":"2022-04-16T21:55:48","slug":"vmug-2016","status":"publish","type":"page","link":"https:\/\/www.vmug.cz\/?page_id=67","title":{"rendered":"VMUG 2016"},"content":{"rendered":"\n<p>6.12.2016<\/p>\n\n\n\n<figure class=\"wp-block-image size-large\"><img fetchpriority=\"high\" decoding=\"async\" width=\"1024\" height=\"576\" src=\"https:\/\/www.vmug.cz\/wp-content\/uploads\/2022\/04\/agenda-1024x576.png\" alt=\"\" class=\"wp-image-113\" srcset=\"https:\/\/www.vmug.cz\/wp-content\/uploads\/2022\/04\/agenda-1024x576.png 1024w, https:\/\/www.vmug.cz\/wp-content\/uploads\/2022\/04\/agenda-300x169.png 300w, https:\/\/www.vmug.cz\/wp-content\/uploads\/2022\/04\/agenda-768x432.png 768w, https:\/\/www.vmug.cz\/wp-content\/uploads\/2022\/04\/agenda-850x478.png 850w, https:\/\/www.vmug.cz\/wp-content\/uploads\/2022\/04\/agenda-600x337.png 600w, https:\/\/www.vmug.cz\/wp-content\/uploads\/2022\/04\/agenda.png 1334w\" sizes=\"(max-width: 1024px) 100vw, 1024px\" \/><\/figure>\n\n\n\n<figure class=\"wp-block-gallery has-nested-images columns-default is-cropped wp-block-gallery-1 is-layout-flex wp-block-gallery-is-layout-flex\">\n<figure class=\"wp-block-image size-large\"><img decoding=\"async\" width=\"1334\" height=\"750\" data-id=\"109\" src=\"https:\/\/www.vmug.cz\/wp-content\/uploads\/2022\/04\/vmug1.png\" alt=\"\" class=\"wp-image-109\" srcset=\"https:\/\/www.vmug.cz\/wp-content\/uploads\/2022\/04\/vmug1.png 1334w, https:\/\/www.vmug.cz\/wp-content\/uploads\/2022\/04\/vmug1-300x169.png 300w, https:\/\/www.vmug.cz\/wp-content\/uploads\/2022\/04\/vmug1-1024x576.png 1024w, https:\/\/www.vmug.cz\/wp-content\/uploads\/2022\/04\/vmug1-768x432.png 768w, https:\/\/www.vmug.cz\/wp-content\/uploads\/2022\/04\/vmug1-850x478.png 850w, https:\/\/www.vmug.cz\/wp-content\/uploads\/2022\/04\/vmug1-600x337.png 600w\" sizes=\"(max-width: 1334px) 100vw, 1334px\" \/><figcaption>VMUG 2016<\/figcaption><\/figure>\n\n\n\n<figure class=\"wp-block-image size-large\"><img decoding=\"async\" width=\"2560\" height=\"1920\" data-id=\"106\" src=\"https:\/\/www.vmug.cz\/wp-content\/uploads\/2022\/04\/katka-scaled.jpg\" alt=\"\" class=\"wp-image-106\" srcset=\"https:\/\/www.vmug.cz\/wp-content\/uploads\/2022\/04\/katka-scaled.jpg 2560w, https:\/\/www.vmug.cz\/wp-content\/uploads\/2022\/04\/katka-300x225.jpg 300w, https:\/\/www.vmug.cz\/wp-content\/uploads\/2022\/04\/katka-1024x768.jpg 1024w, https:\/\/www.vmug.cz\/wp-content\/uploads\/2022\/04\/katka-768x576.jpg 768w, https:\/\/www.vmug.cz\/wp-content\/uploads\/2022\/04\/katka-1536x1152.jpg 1536w, https:\/\/www.vmug.cz\/wp-content\/uploads\/2022\/04\/katka-2048x1536.jpg 2048w, https:\/\/www.vmug.cz\/wp-content\/uploads\/2022\/04\/katka-850x638.jpg 850w, https:\/\/www.vmug.cz\/wp-content\/uploads\/2022\/04\/katka-600x450.jpg 600w\" sizes=\"(max-width: 2560px) 100vw, 2560px\" \/><figcaption>Katarina Wagnerova: Moje cesta k VDM<\/figcaption><\/figure>\n\n\n\n<figure class=\"wp-block-image size-large\"><img loading=\"lazy\" decoding=\"async\" width=\"2560\" height=\"1920\" data-id=\"105\" src=\"https:\/\/www.vmug.cz\/wp-content\/uploads\/2022\/04\/IMG_3742-scaled.jpg\" alt=\"\" class=\"wp-image-105\" srcset=\"https:\/\/www.vmug.cz\/wp-content\/uploads\/2022\/04\/IMG_3742-scaled.jpg 2560w, https:\/\/www.vmug.cz\/wp-content\/uploads\/2022\/04\/IMG_3742-300x225.jpg 300w, https:\/\/www.vmug.cz\/wp-content\/uploads\/2022\/04\/IMG_3742-1024x768.jpg 1024w, https:\/\/www.vmug.cz\/wp-content\/uploads\/2022\/04\/IMG_3742-768x576.jpg 768w, https:\/\/www.vmug.cz\/wp-content\/uploads\/2022\/04\/IMG_3742-1536x1152.jpg 1536w, https:\/\/www.vmug.cz\/wp-content\/uploads\/2022\/04\/IMG_3742-2048x1536.jpg 2048w, https:\/\/www.vmug.cz\/wp-content\/uploads\/2022\/04\/IMG_3742-850x638.jpg 850w, https:\/\/www.vmug.cz\/wp-content\/uploads\/2022\/04\/IMG_3742-600x450.jpg 600w\" sizes=\"(max-width: 2560px) 100vw, 2560px\" \/><figcaption>David Pasek a Stanislav Jurena: Metro Cluster HA<\/figcaption><\/figure>\n\n\n\n<figure class=\"wp-block-image size-large\"><img loading=\"lazy\" decoding=\"async\" width=\"2560\" height=\"1920\" data-id=\"107\" src=\"https:\/\/www.vmug.cz\/wp-content\/uploads\/2022\/04\/pasek_jurena-scaled.jpg\" alt=\"\" class=\"wp-image-107\" srcset=\"https:\/\/www.vmug.cz\/wp-content\/uploads\/2022\/04\/pasek_jurena-scaled.jpg 2560w, https:\/\/www.vmug.cz\/wp-content\/uploads\/2022\/04\/pasek_jurena-300x225.jpg 300w, https:\/\/www.vmug.cz\/wp-content\/uploads\/2022\/04\/pasek_jurena-1024x768.jpg 1024w, https:\/\/www.vmug.cz\/wp-content\/uploads\/2022\/04\/pasek_jurena-768x576.jpg 768w, https:\/\/www.vmug.cz\/wp-content\/uploads\/2022\/04\/pasek_jurena-1536x1152.jpg 1536w, https:\/\/www.vmug.cz\/wp-content\/uploads\/2022\/04\/pasek_jurena-2048x1536.jpg 2048w, https:\/\/www.vmug.cz\/wp-content\/uploads\/2022\/04\/pasek_jurena-850x638.jpg 850w, https:\/\/www.vmug.cz\/wp-content\/uploads\/2022\/04\/pasek_jurena-600x450.jpg 600w\" sizes=\"(max-width: 2560px) 100vw, 2560px\" \/><figcaption>David Pasek a Stanislav Jurena [VMware] &#8211;  Metro Cluster HA<\/figcaption><\/figure>\n\n\n\n<figure class=\"wp-block-image size-large\"><img loading=\"lazy\" decoding=\"async\" width=\"2560\" height=\"1920\" data-id=\"108\" src=\"https:\/\/www.vmug.cz\/wp-content\/uploads\/2022\/04\/veeam-scaled.jpg\" alt=\"\" class=\"wp-image-108\" srcset=\"https:\/\/www.vmug.cz\/wp-content\/uploads\/2022\/04\/veeam-scaled.jpg 2560w, https:\/\/www.vmug.cz\/wp-content\/uploads\/2022\/04\/veeam-300x225.jpg 300w, https:\/\/www.vmug.cz\/wp-content\/uploads\/2022\/04\/veeam-1024x768.jpg 1024w, https:\/\/www.vmug.cz\/wp-content\/uploads\/2022\/04\/veeam-768x576.jpg 768w, https:\/\/www.vmug.cz\/wp-content\/uploads\/2022\/04\/veeam-1536x1152.jpg 1536w, https:\/\/www.vmug.cz\/wp-content\/uploads\/2022\/04\/veeam-2048x1536.jpg 2048w, https:\/\/www.vmug.cz\/wp-content\/uploads\/2022\/04\/veeam-850x638.jpg 850w, https:\/\/www.vmug.cz\/wp-content\/uploads\/2022\/04\/veeam-600x450.jpg 600w\" sizes=\"(max-width: 2560px) 100vw, 2560px\" \/><figcaption>Boris Mittelman [Veeam]<\/figcaption><\/figure>\n\n\n\n<figure class=\"wp-block-image size-large\"><img loading=\"lazy\" decoding=\"async\" width=\"2560\" height=\"1920\" data-id=\"110\" src=\"https:\/\/www.vmug.cz\/wp-content\/uploads\/2022\/04\/vsan_demo-scaled.jpg\" alt=\"\" class=\"wp-image-110\" srcset=\"https:\/\/www.vmug.cz\/wp-content\/uploads\/2022\/04\/vsan_demo-scaled.jpg 2560w, https:\/\/www.vmug.cz\/wp-content\/uploads\/2022\/04\/vsan_demo-300x225.jpg 300w, https:\/\/www.vmug.cz\/wp-content\/uploads\/2022\/04\/vsan_demo-1024x768.jpg 1024w, https:\/\/www.vmug.cz\/wp-content\/uploads\/2022\/04\/vsan_demo-768x576.jpg 768w, https:\/\/www.vmug.cz\/wp-content\/uploads\/2022\/04\/vsan_demo-1536x1152.jpg 1536w, https:\/\/www.vmug.cz\/wp-content\/uploads\/2022\/04\/vsan_demo-2048x1536.jpg 2048w, https:\/\/www.vmug.cz\/wp-content\/uploads\/2022\/04\/vsan_demo-850x638.jpg 850w, https:\/\/www.vmug.cz\/wp-content\/uploads\/2022\/04\/vsan_demo-600x450.jpg 600w\" sizes=\"(max-width: 2560px) 100vw, 2560px\" \/><figcaption>Paudie O&#8217;Riordan: What&#8217;s new with VSAN 6.5<\/figcaption><\/figure>\n\n\n\n<figure class=\"wp-block-image size-large\"><img loading=\"lazy\" decoding=\"async\" width=\"1334\" height=\"750\" data-id=\"104\" src=\"https:\/\/www.vmug.cz\/wp-content\/uploads\/2022\/04\/IMG_3741.png\" alt=\"\" class=\"wp-image-104\" srcset=\"https:\/\/www.vmug.cz\/wp-content\/uploads\/2022\/04\/IMG_3741.png 1334w, https:\/\/www.vmug.cz\/wp-content\/uploads\/2022\/04\/IMG_3741-300x169.png 300w, https:\/\/www.vmug.cz\/wp-content\/uploads\/2022\/04\/IMG_3741-1024x576.png 1024w, https:\/\/www.vmug.cz\/wp-content\/uploads\/2022\/04\/IMG_3741-768x432.png 768w, https:\/\/www.vmug.cz\/wp-content\/uploads\/2022\/04\/IMG_3741-850x478.png 850w, https:\/\/www.vmug.cz\/wp-content\/uploads\/2022\/04\/IMG_3741-600x337.png 600w\" sizes=\"(max-width: 1334px) 100vw, 1334px\" \/><figcaption>Tom\u00e1\u0161 Michaeli [VMware] &#8211; NSX and SRM for metro distance disaster recovery<\/figcaption><\/figure>\n<\/figure>\n","protected":false},"excerpt":{"rendered":"<p>6.12.2016<\/p>\n","protected":false},"author":1,"featured_media":0,"parent":0,"menu_order":0,"comment_status":"closed","ping_status":"closed","template":"","meta":{"_bbp_topic_count":0,"_bbp_reply_count":0,"_bbp_total_topic_count":0,"_bbp_total_reply_count":0,"_bbp_voice_count":0,"_bbp_anonymous_reply_count":0,"_bbp_topic_count_hidden":0,"_bbp_reply_count_hidden":0,"_bbp_forum_subforum_count":0,"footnotes":""},"class_list":["post-67","page","type-page","status-publish","hentry"],"yoast_head":"<!-- This site is optimized with the Yoast SEO plugin v27.3 - https:\/\/yoast.com\/product\/yoast-seo-wordpress\/ -->\n<title>VMUG 2016 - VMUGCZ<\/title>\n<meta name=\"robots\" content=\"index, follow, max-snippet:-1, max-image-preview:large, max-video-preview:-1\" \/>\n<link rel=\"canonical\" href=\"https:\/\/www.vmug.cz\/?page_id=67\" \/>\n<meta property=\"og:locale\" content=\"cs_CZ\" \/>\n<meta property=\"og:type\" content=\"article\" \/>\n<meta property=\"og:title\" content=\"VMUG 2016 - VMUGCZ\" \/>\n<meta property=\"og:description\" content=\"6.12.2016\" \/>\n<meta property=\"og:url\" content=\"https:\/\/www.vmug.cz\/?page_id=67\" \/>\n<meta property=\"og:site_name\" content=\"VMUGCZ\" \/>\n<meta property=\"article:modified_time\" content=\"2022-04-16T21:55:48+00:00\" \/>\n<meta property=\"og:image\" content=\"https:\/\/www.vmug.cz\/wp-content\/uploads\/2022\/04\/agenda-1024x576.png\" \/>\n<meta name=\"twitter:card\" content=\"summary_large_image\" \/>\n<meta name=\"twitter:label1\" content=\"Odhadovan\u00e1 doba \u010dten\u00ed\" \/>\n\t<meta name=\"twitter:data1\" content=\"2 minuty\" \/>\n<script type=\"application\/ld+json\" class=\"yoast-schema-graph\">{\"@context\":\"https:\\\/\\\/schema.org\",\"@graph\":[{\"@type\":\"WebPage\",\"@id\":\"https:\\\/\\\/www.vmug.cz\\\/?page_id=67\",\"url\":\"https:\\\/\\\/www.vmug.cz\\\/?page_id=67\",\"name\":\"VMUG 2016 - VMUGCZ\",\"isPartOf\":{\"@id\":\"https:\\\/\\\/www.vmug.cz\\\/#website\"},\"primaryImageOfPage\":{\"@id\":\"https:\\\/\\\/www.vmug.cz\\\/?page_id=67#primaryimage\"},\"image\":{\"@id\":\"https:\\\/\\\/www.vmug.cz\\\/?page_id=67#primaryimage\"},\"thumbnailUrl\":\"https:\\\/\\\/www.vmug.cz\\\/wp-content\\\/uploads\\\/2022\\\/04\\\/agenda-1024x576.png\",\"datePublished\":\"2022-04-16T20:59:50+00:00\",\"dateModified\":\"2022-04-16T21:55:48+00:00\",\"breadcrumb\":{\"@id\":\"https:\\\/\\\/www.vmug.cz\\\/?page_id=67#breadcrumb\"},\"inLanguage\":\"cs\",\"potentialAction\":[{\"@type\":\"ReadAction\",\"target\":[\"https:\\\/\\\/www.vmug.cz\\\/?page_id=67\"]}]},{\"@type\":\"ImageObject\",\"inLanguage\":\"cs\",\"@id\":\"https:\\\/\\\/www.vmug.cz\\\/?page_id=67#primaryimage\",\"url\":\"https:\\\/\\\/www.vmug.cz\\\/wp-content\\\/uploads\\\/2022\\\/04\\\/agenda.png\",\"contentUrl\":\"https:\\\/\\\/www.vmug.cz\\\/wp-content\\\/uploads\\\/2022\\\/04\\\/agenda.png\",\"width\":1334,\"height\":750},{\"@type\":\"BreadcrumbList\",\"@id\":\"https:\\\/\\\/www.vmug.cz\\\/?page_id=67#breadcrumb\",\"itemListElement\":[{\"@type\":\"ListItem\",\"position\":1,\"name\":\"Home\",\"item\":\"https:\\\/\\\/www.vmug.cz\\\/\"},{\"@type\":\"ListItem\",\"position\":2,\"name\":\"VMUG 2016\"}]},{\"@type\":\"WebSite\",\"@id\":\"https:\\\/\\\/www.vmug.cz\\\/#website\",\"url\":\"https:\\\/\\\/www.vmug.cz\\\/\",\"name\":\"VMUGCZ\",\"description\":\"VMware User Group Czech Republic\",\"potentialAction\":[{\"@type\":\"SearchAction\",\"target\":{\"@type\":\"EntryPoint\",\"urlTemplate\":\"https:\\\/\\\/www.vmug.cz\\\/?s={search_term_string}\"},\"query-input\":{\"@type\":\"PropertyValueSpecification\",\"valueRequired\":true,\"valueName\":\"search_term_string\"}}],\"inLanguage\":\"cs\"}]}<\/script>\n<!-- \/ Yoast SEO plugin. -->","yoast_head_json":{"title":"VMUG 2016 - VMUGCZ","robots":{"index":"index","follow":"follow","max-snippet":"max-snippet:-1","max-image-preview":"max-image-preview:large","max-video-preview":"max-video-preview:-1"},"canonical":"https:\/\/www.vmug.cz\/?page_id=67","og_locale":"cs_CZ","og_type":"article","og_title":"VMUG 2016 - VMUGCZ","og_description":"6.12.2016","og_url":"https:\/\/www.vmug.cz\/?page_id=67","og_site_name":"VMUGCZ","article_modified_time":"2022-04-16T21:55:48+00:00","og_image":[{"url":"https:\/\/www.vmug.cz\/wp-content\/uploads\/2022\/04\/agenda-1024x576.png","type":"","width":"","height":""}],"twitter_card":"summary_large_image","twitter_misc":{"Odhadovan\u00e1 doba \u010dten\u00ed":"2 minuty"},"schema":{"@context":"https:\/\/schema.org","@graph":[{"@type":"WebPage","@id":"https:\/\/www.vmug.cz\/?page_id=67","url":"https:\/\/www.vmug.cz\/?page_id=67","name":"VMUG 2016 - VMUGCZ","isPartOf":{"@id":"https:\/\/www.vmug.cz\/#website"},"primaryImageOfPage":{"@id":"https:\/\/www.vmug.cz\/?page_id=67#primaryimage"},"image":{"@id":"https:\/\/www.vmug.cz\/?page_id=67#primaryimage"},"thumbnailUrl":"https:\/\/www.vmug.cz\/wp-content\/uploads\/2022\/04\/agenda-1024x576.png","datePublished":"2022-04-16T20:59:50+00:00","dateModified":"2022-04-16T21:55:48+00:00","breadcrumb":{"@id":"https:\/\/www.vmug.cz\/?page_id=67#breadcrumb"},"inLanguage":"cs","potentialAction":[{"@type":"ReadAction","target":["https:\/\/www.vmug.cz\/?page_id=67"]}]},{"@type":"ImageObject","inLanguage":"cs","@id":"https:\/\/www.vmug.cz\/?page_id=67#primaryimage","url":"https:\/\/www.vmug.cz\/wp-content\/uploads\/2022\/04\/agenda.png","contentUrl":"https:\/\/www.vmug.cz\/wp-content\/uploads\/2022\/04\/agenda.png","width":1334,"height":750},{"@type":"BreadcrumbList","@id":"https:\/\/www.vmug.cz\/?page_id=67#breadcrumb","itemListElement":[{"@type":"ListItem","position":1,"name":"Home","item":"https:\/\/www.vmug.cz\/"},{"@type":"ListItem","position":2,"name":"VMUG 2016"}]},{"@type":"WebSite","@id":"https:\/\/www.vmug.cz\/#website","url":"https:\/\/www.vmug.cz\/","name":"VMUGCZ","description":"VMware User Group Czech Republic","potentialAction":[{"@type":"SearchAction","target":{"@type":"EntryPoint","urlTemplate":"https:\/\/www.vmug.cz\/?s={search_term_string}"},"query-input":{"@type":"PropertyValueSpecification","valueRequired":true,"valueName":"search_term_string"}}],"inLanguage":"cs"}]}},"_links":{"self":[{"href":"https:\/\/www.vmug.cz\/index.php?rest_route=\/wp\/v2\/pages\/67","targetHints":{"allow":["GET"]}}],"collection":[{"href":"https:\/\/www.vmug.cz\/index.php?rest_route=\/wp\/v2\/pages"}],"about":[{"href":"https:\/\/www.vmug.cz\/index.php?rest_route=\/wp\/v2\/types\/page"}],"author":[{"embeddable":true,"href":"https:\/\/www.vmug.cz\/index.php?rest_route=\/wp\/v2\/users\/1"}],"replies":[{"embeddable":true,"href":"https:\/\/www.vmug.cz\/index.php?rest_route=%2Fwp%2Fv2%2Fcomments&post=67"}],"version-history":[{"count":0,"href":"https:\/\/www.vmug.cz\/index.php?rest_route=\/wp\/v2\/pages\/67\/revisions"}],"wp:attachment":[{"href":"https:\/\/www.vmug.cz\/index.php?rest_route=%2Fwp%2Fv2%2Fmedia&parent=67"}],"curies":[{"name":"wp","href":"https:\/\/api.w.org\/{rel}","templated":true}]}}